{"id":2990,"date":"2018-03-16T11:39:29","date_gmt":"2018-03-16T09:39:29","guid":{"rendered":"http:\/\/woiczik.de\/?page_id=2990"},"modified":"2023-07-31T13:07:25","modified_gmt":"2023-07-31T11:07:25","slug":"lauftrainingsplaene","status":"publish","type":"page","link":"http:\/\/woiczik.de\/?page_id=2990","title":{"rendered":"Lauftrainingspl\u00e4ne Halbmarathon"},"content":{"rendered":"<p>Views: 5509<\/p><div id=\"attachment_2789\" style=\"width: 211px\" class=\"wp-caption alignleft\"><a href=\"http:\/\/woiczik.de\/wp-content\/uploads\/2017\/04\/7573667_BB25-095110911_DSC_0342.JPG.jpg\"><img loading=\"lazy\" decoding=\"async\" aria-describedby=\"caption-attachment-2789\" class=\"size-medium wp-image-2789\" src=\"http:\/\/woiczik.de\/wp-content\/uploads\/2017\/04\/7573667_BB25-095110911_DSC_0342.JPG-201x300.jpg\" alt=\"\" width=\"201\" height=\"300\" srcset=\"http:\/\/woiczik.de\/wp-content\/uploads\/2017\/04\/7573667_BB25-095110911_DSC_0342.JPG-201x300.jpg 201w, http:\/\/woiczik.de\/wp-content\/uploads\/2017\/04\/7573667_BB25-095110911_DSC_0342.JPG-687x1024.jpg 687w, http:\/\/woiczik.de\/wp-content\/uploads\/2017\/04\/7573667_BB25-095110911_DSC_0342.JPG.jpg 1944w\" sizes=\"(max-width: 201px) 100vw, 201px\" \/><\/a><p id=\"caption-attachment-2789\" class=\"wp-caption-text\">Erfolgreich ins Ziel kommen<\/p><\/div>\n<p><strong>Vorwort:<\/strong> Der Schl\u00fcssel zum Lauferfolg hei\u00dft Trainingsplan! Nur wer regelm\u00e4\u00dfig l\u00e4uft, schafft es zum ersten Laufevent und einer starken Kondition. In vielen Laufmagazinen und Laufb\u00fcchern werden Lauftrainingspl\u00e4ne f\u00fcr die breite Masse angeboten, ungeachtet des jeweiligen Alters des L\u00e4ufers bzw. der L\u00e4uferin und der k\u00f6rperlichen Konstitution und der sportlichen Herkunft. Aus nunmehr \u00fcber 40 Jahren Lauferfahrung freue ich mich, wenn ich meine nachfolgenden Gedanken zum Lauftraining Euch hier n\u00e4her bringen kann. Als leistungsorientierter Anfang 30iger trainiert man nat\u00fcrlich anders, als ein Zipperlein behafteter Anfang oder Mitte 50 j\u00e4hriger.<\/p>\n<p>&nbsp;<\/p>\n<p><strong>Halbmarathon-Trainingsplan f\u00fcr Fortgeschrittene \u2013 in 12 Wochen bereit f\u00fcr unter 1:40 h<\/strong><\/p>\n<ol>\n<li>\u00a0<strong>Halbmarathon-Trainingsplan f\u00fcr Fortgeschrittene \u2013 in 12 Wochen bereit f\u00fcr unter 1:40 h<\/strong><\/li>\n<\/ol>\n<div id=\"attachment_423\" style=\"width: 211px\" class=\"wp-caption alignleft\"><a href=\"http:\/\/woiczik.de\/wp-content\/uploads\/2012\/09\/5918323_VN84085708_DSC_0699.JPG2_.jpg\"><img loading=\"lazy\" decoding=\"async\" aria-describedby=\"caption-attachment-423\" class=\"size-medium wp-image-423\" src=\"http:\/\/woiczik.de\/wp-content\/uploads\/2012\/09\/5918323_VN84085708_DSC_0699.JPG2_-201x300.jpg\" alt=\"\" width=\"201\" height=\"300\" srcset=\"http:\/\/woiczik.de\/wp-content\/uploads\/2012\/09\/5918323_VN84085708_DSC_0699.JPG2_-201x300.jpg 201w, http:\/\/woiczik.de\/wp-content\/uploads\/2012\/09\/5918323_VN84085708_DSC_0699.JPG2_.jpg 669w\" sizes=\"(max-width: 201px) 100vw, 201px\" \/><\/a><p id=\"caption-attachment-423\" class=\"wp-caption-text\">Wien-Marathon (Vienna City Marathon) 2008<\/p><\/div>\n<p>Der Halbmarathon kann, muss aber nicht eine Zwischenstation auf dem Weg zum Marathon sein. F\u00fcr viele ist er die \u201eEndstation\u201c, das perfekte Ziel, das ohne \u00fcbertriebenen Aufwand erreicht werden kann. Die Distanz erfordert ein regelm\u00e4\u00dfiges Training des Herz-Kreislaufsystems und fordert den Bewegungsapparat, ohne dass es zu \u00dcberlastungen kommt, wie das beim Marathontraining nicht selten passiert. Wer sich ehrgeizige Ziele Setzt und den Halbmarathon in etwa 1:40 h laufen will, kommt allerdings nicht um einen gewissen Aufwand herum. Dazu m\u00fcssen die Laufschuhe <strong>vier- bis f\u00fcnfmal pro Woche<\/strong> w\u00e4hrend 12 Wochen geschn\u00fcrt werden \u2013 eine solide Trainingsgrundlage vorausgesetzt. Ein Halbmarathon in 100 min ist kein Spaziergang.<\/p>\n<p>Damit man sich etwas genauer vorstellen k\u00f6nnen, was die verschiedenen Endzeiten bedeuten, hier eine Auflistung:<\/p>\n<p>4:30 min pro km = Endzeit 1:35 h<br \/>\n4:45 min pro km = Endzeit 1:40 h<br \/>\n5:00 min pro km = Endzeit 1:45:30 h<br \/>\n5:13 min pro km = Endzeit 1:50 h<\/p>\n<p><strong>Realistische Zielsetzung<\/strong><\/p>\n<div id=\"attachment_1561\" style=\"width: 310px\" class=\"wp-caption alignleft\"><a href=\"http:\/\/woiczik.de\/wp-content\/uploads\/2014\/04\/P1100340.jpg\"><img loading=\"lazy\" decoding=\"async\" aria-describedby=\"caption-attachment-1561\" class=\"size-medium wp-image-1561\" src=\"http:\/\/woiczik.de\/wp-content\/uploads\/2014\/04\/P1100340-300x225.jpg\" alt=\"\" width=\"300\" height=\"225\" srcset=\"http:\/\/woiczik.de\/wp-content\/uploads\/2014\/04\/P1100340-300x225.jpg 300w, http:\/\/woiczik.de\/wp-content\/uploads\/2014\/04\/P1100340-1024x768.jpg 1024w, http:\/\/woiczik.de\/wp-content\/uploads\/2014\/04\/P1100340-400x300.jpg 400w\" sizes=\"(max-width: 300px) 100vw, 300px\" \/><\/a><p id=\"caption-attachment-1561\" class=\"wp-caption-text\">kurz vor dem Ziel<\/p><\/div>\n<p>Bevor man sich ins Abenteuer st\u00fcrzen will, solltet Ihr zuerst herausfinden, ob ein Halbmarathon in 1:40 h \u2013 nach einem dreimonatigen Training \u2013 f\u00fcr Euch realistisch ist. <strong>Es gibt einfache Formeln<\/strong>, mit denen man das Leistungsverm\u00f6gen berechnen kann. Nehmt mal die 5 km-Zeit und multipliziert diese mit 4,667 oder die 10 km-Zeit mal 2,223.<\/p>\n<p>&nbsp;<\/p>\n<div id=\"attachment_1883\" style=\"width: 242px\" class=\"wp-caption alignleft\"><a href=\"http:\/\/woiczik.de\/wp-content\/uploads\/2014\/09\/IMG_NEW.jpg\"><img loading=\"lazy\" decoding=\"async\" aria-describedby=\"caption-attachment-1883\" class=\"size-medium wp-image-1883\" src=\"http:\/\/woiczik.de\/wp-content\/uploads\/2014\/09\/IMG_NEW-232x300.jpg\" alt=\"\" width=\"232\" height=\"300\" srcset=\"http:\/\/woiczik.de\/wp-content\/uploads\/2014\/09\/IMG_NEW-232x300.jpg 232w, http:\/\/woiczik.de\/wp-content\/uploads\/2014\/09\/IMG_NEW-792x1024.jpg 792w, http:\/\/woiczik.de\/wp-content\/uploads\/2014\/09\/IMG_NEW.jpg 1468w\" sizes=\"(max-width: 232px) 100vw, 232px\" \/><\/a><p id=\"caption-attachment-1883\" class=\"wp-caption-text\">1985<\/p><\/div>\n<p>Eine 5 km-Zeit von 21:40 min ergibt eine Halbmarathon-Zeit von 1:41:30 h. Wenn man die 10 km in 45 min l\u00e4uft, kann man mit einer Halbmarathon-Zeit von 1:40 h rechnen. <strong>Aber aufgepasst: Das ist nur eine Richtschnur.<\/strong> Das Leistungsverm\u00f6gen h\u00e4ngt nat\u00fcrlich auch davon ab, wie lange man schon l\u00e4uft und wie oft man schon Distanzen von 15 oder mehr km im Wettkampf erprobt hat.<br \/>\nDer Halbmarathon ist eine Distanz, die nahe an der anaeroben Schwelle gelaufen wird. Die Schwelle bezeichnet den Belastungsbereich, in dem Sauerstoffaufnahme und -verbrauch gerade noch ausgeglichen sind. Er wird auch Steady State genannt.<\/p>\n<p>&nbsp;<\/p>\n<div id=\"attachment_1906\" style=\"width: 310px\" class=\"wp-caption alignleft\"><a href=\"http:\/\/woiczik.de\/wp-content\/uploads\/2014\/09\/large.jpg\"><img loading=\"lazy\" decoding=\"async\" aria-describedby=\"caption-attachment-1906\" class=\"size-medium wp-image-1906\" src=\"http:\/\/woiczik.de\/wp-content\/uploads\/2014\/09\/large-300x300.jpg\" alt=\"\" width=\"300\" height=\"300\" srcset=\"http:\/\/woiczik.de\/wp-content\/uploads\/2014\/09\/large-300x300.jpg 300w, http:\/\/woiczik.de\/wp-content\/uploads\/2014\/09\/large-150x150.jpg 150w, http:\/\/woiczik.de\/wp-content\/uploads\/2014\/09\/large-1024x1024.jpg 1024w, http:\/\/woiczik.de\/wp-content\/uploads\/2014\/09\/large.jpg 1844w\" sizes=\"(max-width: 300px) 100vw, 300px\" \/><\/a><p id=\"caption-attachment-1906\" class=\"wp-caption-text\">Es muss nicht immer ein Marathon sein.<\/p><\/div>\n<p>Die individuelle anaerobe Schwelle ist der wichtigste Gradmesser f\u00fcr den Halbmarathonerfolg. Ein sportmedizinischer Leistungstest mit Bestimmung der Laktatkonzentration unter standardisierten Bedingungen ist am genauesten. Wobei aus eigener Erfahrung es passieren kann, dass eine Laufzeit von 1:25 h prognostiziert worden ist und beim Wettkampf die Tagesform schlecht war und man einige Minuten sp\u00e4ter ins Ziel kam.<\/p>\n<p>&nbsp;<\/p>\n<p><strong>Die richtige Mischung macht\u2019s<\/strong><br \/>\nIn den drei Vorbereitungsmonaten f\u00fchren die unterschiedlichen Laufgeschwindigkeiten zu den Leistungsfortschritten. <strong>Je weiter das Tempo eines Trainingslaufs vom angestrebten Wettkampftempo entfernt ist, desto geringer ist der Trainingseffekt f\u00fcr die entsprechende Distanz.<\/strong> Und dennoch sind auch die langsamen L\u00e4ufe sehr wichtig. Sie bilden das Fundament, ohne das die intensiveren Trainings nicht m\u00f6glich sind. Und man hilft sich die Fettverbrennung zu trainieren. Wenn der K\u00f6rper in einem Halbmarathon auch Fett verbrennt, halten die Glykogenreserven l\u00e4nger. In einem Marathon ist das allerdings noch viel wichtiger.<\/p>\n<p>&nbsp;<\/p>\n<div id=\"attachment_2368\" style=\"width: 210px\" class=\"wp-caption alignleft\"><a href=\"http:\/\/woiczik.de\/wp-content\/uploads\/2014\/09\/20x30-FRAG1488.jpg\"><img loading=\"lazy\" decoding=\"async\" aria-describedby=\"caption-attachment-2368\" class=\"size-medium wp-image-2368\" src=\"http:\/\/woiczik.de\/wp-content\/uploads\/2014\/09\/20x30-FRAG1488-200x300.jpg\" alt=\"\" width=\"200\" height=\"300\" srcset=\"http:\/\/woiczik.de\/wp-content\/uploads\/2014\/09\/20x30-FRAG1488-200x300.jpg 200w, http:\/\/woiczik.de\/wp-content\/uploads\/2014\/09\/20x30-FRAG1488-684x1024.jpg 684w, http:\/\/woiczik.de\/wp-content\/uploads\/2014\/09\/20x30-FRAG1488.jpg 824w\" sizes=\"(max-width: 200px) 100vw, 200px\" \/><\/a><p id=\"caption-attachment-2368\" class=\"wp-caption-text\">Kommt zufrieden ins Ziel<\/p><\/div>\n<p>Nach Ansicht von Stephen McGregor von der Eastern Michigan University (USA) bewirkt ein z\u00fcgiger 15 km-Lauf \u00e4hnliche Effekte auf den Stoffwechsel wie ein langsamer 20 km-Lauf. Seine Begr\u00fcndung: \u201eBeim z\u00fcgigen Laufen ben\u00f6tigt der L\u00e4ufer schnell kontrahierende Muskelfasern, wodurch im Endeffekt ein vergleichbarer Energieumsatz stattfindet.\u201c Allerdings sollten L\u00e4ufer, die sich die ganz langen L\u00e4ufe sparen wollen, das Wochenpensum um mindestens die Kilometerzahl erh\u00f6hen, um die sie den langen Lauf gek\u00fcrzt haben. <strong>Die Erfahrung zeigt auch:<\/strong> 10 bis 15 km im z\u00fcgigen Tempo durch profiliertes Gel\u00e4nde haben fast die gleiche Wirkung wie ein langsamer Lauf \u00fcber 20 km im flachen Gel\u00e4nde.<\/p>\n<p>&nbsp;<\/p>\n<div id=\"attachment_2373\" style=\"width: 243px\" class=\"wp-caption alignleft\"><a href=\"http:\/\/woiczik.de\/wp-content\/uploads\/2014\/09\/Bewag.jpg\"><img loading=\"lazy\" decoding=\"async\" aria-describedby=\"caption-attachment-2373\" class=\"size-medium wp-image-2373\" src=\"http:\/\/woiczik.de\/wp-content\/uploads\/2014\/09\/Bewag-233x300.jpg\" alt=\"\" width=\"233\" height=\"300\" srcset=\"http:\/\/woiczik.de\/wp-content\/uploads\/2014\/09\/Bewag-233x300.jpg 233w, http:\/\/woiczik.de\/wp-content\/uploads\/2014\/09\/Bewag.jpg 700w\" sizes=\"(max-width: 233px) 100vw, 233px\" \/><\/a><p id=\"caption-attachment-2373\" class=\"wp-caption-text\">Berliner Halbmarathon 2002<\/p><\/div>\n<p>Damit man im Wettkampf m\u00f6glichst nahe an der anaeroben Schwelle laufen kann und die Schwelle m\u00f6glichst hoch ist, <strong>sind Fahrtspiele in der Vorbereitung sehr wichtig<\/strong>. Auch die mittleren, \u201ez\u00fcgigen\u201c Dauerl\u00e4ufe helfen dabei. Man kann durchaus auch den einen oder anderen k\u00fcrzeren Stra\u00dfen- oder Berglauf mitnehmen. Ein solcher Aufbauwettkampf sollte aber ohne spezifische Vorbereitung (mehr \u201eaus dem Training heraus\u201c) und ohne gro\u00dfe Erwartungen absolviert werden.<strong> Danach zwei bis drei Tage lang nur leichte, lockere Dauerl\u00e4ufe zur Beschleunigung der Regeneration<\/strong>. Die Wettkampfteilnahme ist aber keine Voraussetzung f\u00fcr eine erfolgreiche Halbmarathonvorbereitung.<\/p>\n<p><strong>Verschiedenen Belastungsstufen f\u00fcr eine Laufzeit unter 1:40 h<\/strong><br \/>\nLangsamer DL: 6:04-6:32 min\/km (130-140% von AAS)<br \/>\nLeichter DL: 5:36-6:04 min\/km (120-130% von AAS)<br \/>\nZ\u00fcgiger DL: 5:08-5:36 min\/km (110-120% von AAS)<br \/>\nWettkampftempo: 4:45 min\/km = HM-Zeit von 1:40 h<br \/>\nSchnell: 4:40-5:08 min\/km (100-110% von AAS)<br \/>\nFahrtspiel: Tempowechsel nach Gef\u00fchl<br \/>\nSteigerungen: L\u00e4ufe \u00fcber 80-100 m, bei, bei denen das Tempo kontinuierlich von langsam bis schnell gesteigert wird<br \/>\nDie anaerobe Schwelle (AAS) befindet sich bei 4:40 min\/km<\/p>\n<p><strong>Die Basics einer Wochenplanung sind:<\/strong><\/p>\n<ul>\n<li>Fahrtspiel oder Tempol\u00e4ufe wie 4 -10 x 1 km , 4 x 2 km oder 2 x 5km an der\u00a0 anaerobe Schwelle (AAS) mit jeweiligen ausreichenden Ein- und Auslaufen<\/li>\n<li>z\u00fcgiger Dauerlauf zwischen 15 und 50 Minuten\u00a0mit jeweiligen ausreichenden Ein- und Auslaufen.<\/li>\n<li>lange Einheit zwischen 15 und 25 km (leichter bzw. langsamer DL)<\/li>\n<\/ul>\n<p><strong>F\u00fcr die Seniorensportler ab M45\/W45<\/strong> empfehle ich nach Tempol\u00e4ufen zwei Tage Regeneration oder ruhige Dauerl\u00e4ufe, die Betonung liegt auf ruhig. Des Weiteren ist ein Dehn-und Kr\u00e4ftigungsprogramm (1-2 x in der Woche) zu empfehlen.<\/p>\n<p>Aus pers\u00f6nlicher Erfahrung empfehle ich einen Wochenumfang von 50-55 Laufkilometern im Durchschnitt, mit Spitzen von 5 Einheiten in der Woche um 65-70 km, um gut trainiert das Ziel einen Halbmarathon laufen zu k\u00f6nnen, umzusetzen.<\/p>\n<p><strong>F\u00fcr die Zielsetzung 1:30 h<\/strong> muss man 5-6 Laufeinheiten mit durchschnittlich 75-85 km in den 12 Wochen absolvieren und f\u00fcr eine 1:25 h oder schneller habe ich fr\u00fcher pers\u00f6nlich 6 x in der Woche trainiert und an die 90 km im Durchschnitt erreicht.<\/p>\n<p>&nbsp;<\/p>\n<p>&nbsp;<\/p>\n<p>&nbsp;<\/p>\n<p>&nbsp;<\/p>\n<p>&nbsp;<\/p>\n","protected":false},"excerpt":{"rendered":"<p>Views: 5509Vorwort: Der Schl\u00fcssel zum Lauferfolg hei\u00dft Trainingsplan! Nur wer regelm\u00e4\u00dfig l\u00e4uft, schafft es zum ersten Laufevent und einer starken Kondition. In vielen Laufmagazinen und Laufb\u00fcchern werden Lauftrainingspl\u00e4ne f\u00fcr die breite Masse angeboten, ungeachtet des jeweiligen Alters des L\u00e4ufers bzw. &hellip; <a href=\"http:\/\/woiczik.de\/?page_id=2990\">Weiterlesen <span class=\"meta-nav\">&rarr;<\/span><\/a><\/p>\n","protected":false},"author":1,"featured_media":0,"parent":0,"menu_order":0,"comment_status":"open","ping_status":"open","template":"","meta":{"footnotes":""},"class_list":["post-2990","page","type-page","status-publish","hentry"],"_links":{"self":[{"href":"http:\/\/woiczik.de\/index.php?rest_route=\/wp\/v2\/pages\/2990"}],"collection":[{"href":"http:\/\/woiczik.de\/index.php?rest_route=\/wp\/v2\/pages"}],"about":[{"href":"http:\/\/woiczik.de\/index.php?rest_route=\/wp\/v2\/types\/page"}],"author":[{"embeddable":true,"href":"http:\/\/woiczik.de\/index.php?rest_route=\/wp\/v2\/users\/1"}],"replies":[{"embeddable":true,"href":"http:\/\/woiczik.de\/index.php?rest_route=%2Fwp%2Fv2%2Fcomments&post=2990"}],"version-history":[{"count":20,"href":"http:\/\/woiczik.de\/index.php?rest_route=\/wp\/v2\/pages\/2990\/revisions"}],"predecessor-version":[{"id":6676,"href":"http:\/\/woiczik.de\/index.php?rest_route=\/wp\/v2\/pages\/2990\/revisions\/6676"}],"wp:attachment":[{"href":"http:\/\/woiczik.de\/index.php?rest_route=%2Fwp%2Fv2%2Fmedia&parent=2990"}],"curies":[{"name":"wp","href":"https:\/\/api.w.org\/{rel}","templated":true}]}}