{"id":682,"date":"2012-12-21T15:22:36","date_gmt":"2012-12-21T13:22:36","guid":{"rendered":"http:\/\/woiczik.de\/?page_id=682"},"modified":"2025-12-23T10:21:55","modified_gmt":"2025-12-23T08:21:55","slug":"chronik","status":"publish","type":"page","link":"http:\/\/woiczik.de\/?page_id=682","title":{"rendered":"Referenzliste"},"content":{"rendered":"<p>Views: 2454<\/p><div id=\"attachment_1469\" style=\"width: 146px\" class=\"wp-caption alignleft\"><a href=\"http:\/\/woiczik.de\/wp-content\/uploads\/2012\/12\/Foto.jpg\"><img loading=\"lazy\" decoding=\"async\" aria-describedby=\"caption-attachment-1469\" class=\"size-thumbnail wp-image-1469\" title=\"Foto\" src=\"http:\/\/woiczik.de\/wp-content\/uploads\/2012\/12\/Foto-136x150.jpg\" alt=\"\" width=\"136\" height=\"150\" \/><\/a><p id=\"caption-attachment-1469\" class=\"wp-caption-text\">2014<\/p><\/div>\n<p>\u00a0<\/p>\n<p>\u00a0<\/p>\n<p>\u00a0<\/p>\n<p>\u00a0<\/p>\n<p>\u00a0<\/p>\n<p>\u00a0<\/p>\n<p>Im Nachfolgenden sind einige T\u00e4tigkeiten aufgef\u00fchrt, welche ich bislang in meiner Freizeit durchgef\u00fchrt habe.<\/p>\n<p><strong>Journalismus:<\/strong><\/p>\n<p>1979\/80\u00a0\u00a0\u00a0\u00a0\u00a0\u00a0 \u00a0Jung-Redakteur der Sch\u00fclerzeitung der Otto-Wels-Grundschule<\/p>\n<p>1990-1995\u00a0\u00a0\u00a0 Redakteur\u00a0beim Hertha BSC Stadionprogramm (Fanecke)<\/p>\n<p>1992-1998\u00a0\u00a0\u00a0 Redakteur beim &#8222;Hertha-Freund&#8220;<\/p>\n<p>2009\u00a0\u00a0\u00a0\u00a0\u00a0\u00a0\u00a0\u00a0\u00a0\u00a0\u00a0\u00a0 freier Mitarbeiter bei &#8222;Parkscout&#8220;<\/p>\n<p>seit 2009\u00a0\u00a0\u00a0\u00a0\u00a0 Redakteur bei Freizeitpark-Welt.de<\/p>\n<p>2012 -2018\u00a0 \u00a0Gastautor bei &#8222;World of Coaster&#8220;<\/p>\n<p>2014\u00a0\u00a0\u00a0\u00a0\u00a0\u00a0\u00a0\u00a0\u00a0\u00a0\u00a0\u00a0 Jurymitglied &#8222;European Star Award!<\/p>\n<p>seit 2016\u00a0 \u00a0 \u00a0 freier Redakteur in verschiedenen Laufmagazinen (u.a. German Road\u00a0 \u00a0 \u00a0 \u00a0 \u00a0 \u00a0 \u00a0 \u00a0 \u00a0 \u00a0 \u00a0 \u00a0 \u00a0 \u00a0 Races)<\/p>\n<p><strong>Sportliche Ehren\u00e4mter:<\/strong><\/p>\n<p>1989- 1991\u00a0\u00a0 Trainer AC Real 1989 (Fu\u00dfball)<\/p>\n<p>1992-1998\u00a0\u00a0\u00a0 Sportlicher Leiter Promi-Team &#8222;Tag der Offenen T\u00fcr&#8220;<\/p>\n<p>1992-1996\u00a0\u00a0\u00a0 Sportlicher Leiter der Hertha-Freunde<\/p>\n<p>1992-1996\u00a0\u00a0\u00a0 Vorstandsmitglied der Hertha-Freunde<\/p>\n<p>2006- 2011\u00a0\u00a0 Vorstandsmitglied beim Polizei SV Berlin (Leichtathletik)<\/p>\n<p>2007-2010\u00a0\u00a0\u00a0 Trainer beim Polizei SV Berlin (Leichtathletik)<\/p>\n<p>seit 2013\u00a0\u00a0\u00a0\u00a0\u00a0\u00a0Vorstandsmitglied im TUS Neuk\u00f6lln (Sportwart)<\/p>\n<p>seit 2018 \u00a0 \u00a0\u00a0 Vorstandsmitglied beim Polizei SV Berlin (Leichtathletik) zus\u00e4tzlich seit\u00a0 \u00a0 \u00a0 \u00a0 \u00a0 \u00a0 \u00a0 \u00a0 \u00a0 \u00a0 \u00a0 \u00a0 \u00a0 \u00a0M\u00e4rz 2022 sportlicher Leiter<\/p>\n<p><strong>Referenzliste:<\/strong><\/p>\n<p>1992\/93\u00a0\u00a0\u00a0\u00a0\u00a0\u00a0\u00a0 Mitorganisator vom &#8222;SEGA- Fantreffen&#8220;<\/p>\n<p>2000\/2001\u00a0\u00a0\u00a0 Organisator der Leichtathletik-Meisterschaften der Wohnungswirtschaft<\/p>\n<p>2000-2007\u00a0\u00a0 Sportlicher Leiter vom &#8222;Polizei SV Abendsportfest&#8220; (u.a Ausrichter von drei Landesmeisterschaften)<\/p>\n<p>seit 2012\u00a0\u00a0\u00a0\u00a0\u00a0 Mitorganisator vom Freizeitpark-Welt.de Fantreffen<\/p>\n<p>seit 2022\u00a0 \u00a0 \u00a0Organisationsteam Polizei SV Berlin Laufveranstaltungen (BBM 5 km im\u00a0 \u00a0 \u00a0 \u00a0 \u00a0 \u00a0 \u00a0 \u00a0 \u00a0 \u00a0 \u00a0 \u00a0 \u00a0 Britzer Garten)<\/p>\n<p><strong>Hauptberuflich:<\/strong><\/p>\n<p>1999-2001\u00a0\u00a0 BBU-Nachrichten (Berlin-und Brandenburgische Wohungsunternehmen)<\/p>\n<p>2013-2014\u00a0\u00a0\u00a0Redakteur von &#8222;GSW Aktuell&#8220; (der Gesch\u00e4ftsbetrieb der GSW wurde Juli\u00a0 \u00a0 \u00a0 \u00a0 \u00a0 \u00a0 \u00a0 \u00a0 \u00a0 \u00a0 \u00a0 \u00a0 2015 bzw. 31.12.2015 eingestellt, 26 Jahre war ich in diesem Unternehmen in verschiedenen Positionen t\u00e4tig)<\/p>\n<h1 id=\"firstHeading\" class=\"firstHeading mw-first-heading\">\u00a0<\/h1>\n\n\n<p><\/p>\n","protected":false},"excerpt":{"rendered":"<p>Views: 2454 \u00a0 \u00a0 \u00a0 \u00a0 \u00a0 \u00a0 Im Nachfolgenden sind einige T\u00e4tigkeiten aufgef\u00fchrt, welche ich bislang in meiner Freizeit durchgef\u00fchrt habe. Journalismus: 1979\/80\u00a0\u00a0\u00a0\u00a0\u00a0\u00a0 \u00a0Jung-Redakteur der Sch\u00fclerzeitung der Otto-Wels-Grundschule 1990-1995\u00a0\u00a0\u00a0 Redakteur\u00a0beim Hertha BSC Stadionprogramm (Fanecke) 1992-1998\u00a0\u00a0\u00a0 Redakteur beim &#8222;Hertha-Freund&#8220; 2009\u00a0\u00a0\u00a0\u00a0\u00a0\u00a0\u00a0\u00a0\u00a0\u00a0\u00a0\u00a0 &hellip; <a href=\"http:\/\/woiczik.de\/?page_id=682\">Weiterlesen <span class=\"meta-nav\">&rarr;<\/span><\/a><\/p>\n","protected":false},"author":1,"featured_media":0,"parent":0,"menu_order":0,"comment_status":"open","ping_status":"open","template":"","meta":{"footnotes":""},"class_list":["post-682","page","type-page","status-publish","hentry"],"_links":{"self":[{"href":"http:\/\/woiczik.de\/index.php?rest_route=\/wp\/v2\/pages\/682"}],"collection":[{"href":"http:\/\/woiczik.de\/index.php?rest_route=\/wp\/v2\/pages"}],"about":[{"href":"http:\/\/woiczik.de\/index.php?rest_route=\/wp\/v2\/types\/page"}],"author":[{"embeddable":true,"href":"http:\/\/woiczik.de\/index.php?rest_route=\/wp\/v2\/users\/1"}],"replies":[{"embeddable":true,"href":"http:\/\/woiczik.de\/index.php?rest_route=%2Fwp%2Fv2%2Fcomments&post=682"}],"version-history":[{"count":29,"href":"http:\/\/woiczik.de\/index.php?rest_route=\/wp\/v2\/pages\/682\/revisions"}],"predecessor-version":[{"id":8727,"href":"http:\/\/woiczik.de\/index.php?rest_route=\/wp\/v2\/pages\/682\/revisions\/8727"}],"wp:attachment":[{"href":"http:\/\/woiczik.de\/index.php?rest_route=%2Fwp%2Fv2%2Fmedia&parent=682"}],"curies":[{"name":"wp","href":"https:\/\/api.w.org\/{rel}","templated":true}]}}