{"id":719,"date":"2012-12-28T14:23:36","date_gmt":"2012-12-28T12:23:36","guid":{"rendered":"http:\/\/woiczik.de\/?page_id=719"},"modified":"2023-05-16T07:54:10","modified_gmt":"2023-05-16T05:54:10","slug":"fusball","status":"publish","type":"page","link":"http:\/\/woiczik.de\/?page_id=719","title":{"rendered":"Fu\u00dfball"},"content":{"rendered":"<p>Views: 3399<\/p><p><strong>Fu\u00dfball-Karriere:<\/strong><\/p>\n<p><a href=\"http:\/\/woiczik.de\/wp-content\/uploads\/2012\/12\/125px-Bfcsudring_svg.png\"><img loading=\"lazy\" decoding=\"async\" class=\"alignleft size-full wp-image-720\" title=\"125px-Bfcsudring_svg\" src=\"http:\/\/woiczik.de\/wp-content\/uploads\/2012\/12\/125px-Bfcsudring_svg.png\" alt=\"\" width=\"125\" height=\"125\" \/><\/a>Der <strong>BFC S\u00fcdring<\/strong> ist ein deutscher Fu\u00dfballclub aus Berlin. Heimst\u00e4tte des Clubs ist das <em>Stadion an der Lobeckstra\u00dfe (3000 Zuschauerpl\u00e4tze). Von 1978 -1985 spielte ich von der D-Jugend bis zur A-Jugendzeit f\u00fcr diesen Traditionsverein, bevor ich\u00a0zur Saison 1985\/1986 zum Traber FC wechselte.\u00a0In dieser Zeit z\u00e4hlte der Kreuzberger Club zu den besten Jugendteams im westlichen Berlin. Unter der Leitung von Klaus Rudolphi errangen wir zahlreiche Meistertitel.\u00a0\u00a0<\/em><\/p>\n<p><img loading=\"lazy\" decoding=\"async\" class=\"alignleft size-full wp-image-721\" title=\"Logo_1__Traber_FC_Mariendorf\" src=\"http:\/\/woiczik.de\/wp-content\/uploads\/2012\/12\/Logo_1__Traber_FC_Mariendorf.gif\" alt=\"\" width=\"200\" height=\"200\" srcset=\"http:\/\/woiczik.de\/wp-content\/uploads\/2012\/12\/Logo_1__Traber_FC_Mariendorf.gif 200w, http:\/\/woiczik.de\/wp-content\/uploads\/2012\/12\/Logo_1__Traber_FC_Mariendorf-150x150.gif 150w\" sizes=\"(max-width: 200px) 100vw, 200px\" \/>F\u00fcr damalige 500 D-Mark &#8222;transferierte&#8220; ich zum <strong>1.Traber FC<\/strong>.\u00a0Als 17 J\u00e4hriger trainierte ich bereits 2 x in der Woche beim M\u00e4nner Oberliga-Team (heutige 3.Liga)\u00a0mit und\u00a0sammelte\u00a0in einigen Testspielen\u00a0und in\u00a0drei Oberligaspielen (SC Gatow, Rapide Wedding, LBC) Erfahrungen im M\u00e4nnerbereich. F\u00fcr die A-Jugend nahm ich am Spielbetrieb teil. Nach einer schweren Knie-Verletzung musste ich in der darauffolgenden Saison meine &#8222;Profi-Karriere&#8220; leider beenden.Nach dem erneuten Aufstieg im Jahr 1979 wurde der Traber FC zu einer festen Gr\u00f6\u00dfe in der Berliner Oberliga, welcher der Club bis 1990 angeh\u00f6rte. Beste Platzierung war in der Spielzeit 1985\/86 ein zweiter Platz (mit mir im erweiterten Kader) hinter dem ehemaligen Zweitligisten SC Charlottenburg. Die Berliner nahmen nach der Vizemeisterschaft auch an der Deutschen Amateurmeisterschaft teil. Gegen die <em>SpVgg Landshut<\/em> schied der Traber FC ebenfalls in der ersten Hauptrunde aus.<\/p>\n<p><a href=\"http:\/\/woiczik.de\/wp-content\/uploads\/2012\/12\/JUGEND1.jpg\"><img loading=\"lazy\" decoding=\"async\" class=\"alignleft size-full wp-image-722\" title=\"JUGEND~1\" src=\"http:\/\/woiczik.de\/wp-content\/uploads\/2012\/12\/JUGEND1.jpg\" alt=\"\" width=\"196\" height=\"156\" \/><\/a>\u00a0<strong>JUGEND TRAINIERT F\u00dcR OLYMPIA<\/strong> gilt als der weltgr\u00f6\u00dfte Schulsportwettbewerb mit ca. 800.000 teilnehmenden Sch\u00fclerinnen und Sch\u00fclern in mittlerweile 17 olympischen Sportarten (Badminton, Basketball, Beach-Volleyball, Fu\u00dfball, Ger\u00e4tturnen, Golf, Handball, Hockey, Judo, Leichtathletik, Rudern, Schwimmen, Skilanglauf, Tennis, Tischtennis, Triathlon und Volleyball. J\u00e4hrlich werden drei JTFO-Finalveranstaltungen ausgetragen: Das <em>Fr\u00fchjahrsfinale<\/em> (Berlin) mit den Sportarten Basketball, Ger\u00e4tturnen, Handball, Schwimmen, Tischtennis, Volleyball, das <em>Herbstfinale<\/em> (Berlin) mit Badminton, Beach-Volleyball, Fu\u00dfball, Golf, Hockey, Judo, Leichtathletik, Tennis, Triathlon, Rudern und das <em>Winterfinale<\/em> in Schonach mit Skilanglauf.<\/p>\n<p><a href=\"http:\/\/woiczik.de\/wp-content\/uploads\/2012\/12\/514px-Stamps_of_Germany_Berlin_1976_MiNr_517.jpg\"><img loading=\"lazy\" decoding=\"async\" class=\"alignleft size-medium wp-image-723\" title=\"514px-Stamps_of_Germany_(Berlin)_1976,_MiNr_517\" src=\"http:\/\/woiczik.de\/wp-content\/uploads\/2012\/12\/514px-Stamps_of_Germany_Berlin_1976_MiNr_517-257x300.jpg\" alt=\"\" width=\"257\" height=\"300\" srcset=\"http:\/\/woiczik.de\/wp-content\/uploads\/2012\/12\/514px-Stamps_of_Germany_Berlin_1976_MiNr_517-257x300.jpg 257w, http:\/\/woiczik.de\/wp-content\/uploads\/2012\/12\/514px-Stamps_of_Germany_Berlin_1976_MiNr_517.jpg 514w\" sizes=\"(max-width: 257px) 100vw, 257px\" \/><\/a>In den\u00a0Jahren 1982 und 1983 nahm ich mit dem Hermann-Hesse-Gymnasium in den Sportarten Leichtathletik (1983) und Fu\u00dfball (1982) am jeweiligen Bundesfinale im Berliner Olympiastadion teil. Eine dritte Teilnahme blieb mir verwehrt, da ich im Jahr 1981 ,im entscheidenden\u00a0Finalspiel zur Teilnahme\u00a0am Herbstfinale im Berliner Olympiastadion, dass entscheidende Gegentor durch eine Abwehrfehler verursachte. Ein Jahr sp\u00e4ter erzielte ich aber mit einem &#8222;30 Meter Knaller&#8220; im\u00a0Halbfinale der\u00a0Berliner Finalrunde (nach\u00a0vorherigen 12 Qualispielen) den umjubelten Siegtreffer.<\/p>\n<div id=\"attachment_752\" style=\"width: 310px\" class=\"wp-caption alignleft\"><a href=\"http:\/\/woiczik.de\/wp-content\/uploads\/2012\/12\/IMG_0003.jpg\"><img loading=\"lazy\" decoding=\"async\" aria-describedby=\"caption-attachment-752\" class=\"size-medium wp-image-752\" title=\"IMG_0003\" src=\"http:\/\/woiczik.de\/wp-content\/uploads\/2012\/12\/IMG_0003-300x208.jpg\" alt=\"\" width=\"300\" height=\"208\" srcset=\"http:\/\/woiczik.de\/wp-content\/uploads\/2012\/12\/IMG_0003-300x208.jpg 300w, http:\/\/woiczik.de\/wp-content\/uploads\/2012\/12\/IMG_0003-1024x710.jpg 1024w, http:\/\/woiczik.de\/wp-content\/uploads\/2012\/12\/IMG_0003-432x300.jpg 432w\" sizes=\"(max-width: 300px) 100vw, 300px\" \/><\/a><p id=\"caption-attachment-752\" class=\"wp-caption-text\">Team &#8222;Tag der Offenen T\u00fcr&#8220;<\/p><\/div>\n<p>Das Team &#8222;Tag der Offenen T\u00fcr&#8220; wurde im Jahr 1992 vom Gesch\u00e4ftsf\u00fchrer H.J. B\u00fctow als Traditionsmannschaft f\u00fcr sein Berliner Scheckheft gleichen Namens gegr\u00fcndet und Bestand bis zum Jahr 2000. Von 1992-1999 war ich der sportliche Koordinator und Spieler des Teams.<a href=\"http:\/\/woiczik.de\/wp-content\/uploads\/2012\/12\/IMG00311.jpg\"><img loading=\"lazy\" decoding=\"async\" class=\"size-medium wp-image-754\" title=\"IMG0031\" src=\"http:\/\/woiczik.de\/wp-content\/uploads\/2012\/12\/IMG00311-300x200.jpg\" alt=\"\" width=\"300\" height=\"200\" srcset=\"http:\/\/woiczik.de\/wp-content\/uploads\/2012\/12\/IMG00311-300x200.jpg 300w, http:\/\/woiczik.de\/wp-content\/uploads\/2012\/12\/IMG00311-1024x682.jpg 1024w, http:\/\/woiczik.de\/wp-content\/uploads\/2012\/12\/IMG00311-450x300.jpg 450w\" sizes=\"(max-width: 300px) 100vw, 300px\" \/><\/a><\/p>\n<p>In dieser Zeit bestritten wir 72 Spiele u.a. gegen die polnische U 40 Nationalmannschaft\u00a0mit Lato, Zmuda und Majewski. Des Weiteren traten wir gegen die Traditionsteams vom Hamburger SV, Borussia Dortmund, Hertha BSC, TeBe Berlin, FC Union Berlin, Adidas Allstars, 1.FC K\u00f6ln und Eintracht Frankfurt an.<\/p>\n<p><strong>Bekannteste Mitspieler vom &#8222;Tag der Offenen T\u00fcr&#8220;:<\/strong>\u00a0Sven Ottke (Box-Weltmeister), Jens-Uwe Mey (Olympiasieger 1992), J\u00fcrgen Rinke (Ex-Profi bei Hertha BSC), Helmut Faeder (Hertha Urgestein), \u00a0Peter Hackbusch (FC Union Berlin, Energie Cottbus) und\u00a0Dirk Mankowski (2.Liga Blau-Wei\u00df 90 Berlin).<\/p>\n<p>Insgesamt siegte das Team in den 72 absolvierten Spielen 31 Mal, 12 Partien endeten unentschieden und 29 Spiele gingen verloren. Von den 72 Partien bestritt ich 64 mit und erzielte dabei 16 Tore.<\/p>\n<p><strong>Bekanntesten Gegenspieler:<\/strong>Lato, Zmuda, Majewski (Polen), Magath, Hrubesch, Kaltz, Beiersdorfer\u00a0(Hamburger SV),\u00a0H\u00f6lzenbein, Dieter M\u00fcller, K\u00f6rbel (Eintracht Frankfurt), Steffen Freund, M. Raducanu, M.Rummenigge (Borussia Dortmund), Gries, Weiner, Sidka (Hertha BSC), Otten, Grobe, Gersdorff (Adidas), Engels, Overath, Flohe (1.FC K\u00f6ln) usw.<\/p>\n<p><strong>Bekannteste Mannschaften gegen die ich gespielt habe:\u00a0<\/strong>Blau-Wei\u00df 90, Hertha BSC (B und A-Jugend und U40), TSV Landsberg (Bayern), T\u00fcrkei (U15), USA (U16), Baronie Breda (Niederlande),\u00a0Traditionsteams vom Hamburger SV, Borussia Dortmund, Hertha BSC, TeBe Berlin, FC Union Berlin, Adidas Allstars, 1.FC K\u00f6ln und Eintracht Frankfurt.<\/p>\n<p><strong>Statistik:\u00a0<\/strong>Im Jugendbereich bestritt ich 205 Spiele und erzielte dabei 142 Tore. Im M\u00e4nnerbereich (Traber FC) absolvierte ich 13 Spiele und erzielte, vor der schweren Verletzung, 19 Tore. Mit der T\u00e4tigkeit als Spielertrainer (AC Real 89) und den anderen Teams (Schulmannschaften, Tag der Offenen T\u00fcr, Hertha Fanclubs) kam ich im Zeitraum 1978-1999 (verletzungsbedingte Pause 1987-1990) auf<strong> 240 Tore in 415 Spielen<\/strong>.\u00a0Die meisten Tore in einem Spiel erzielte ich\u00a0im August 1985 mit<strong> 7 Toren<\/strong>.(SC\u00a0Gatow &#8211; Traber FC \/1.M\u00e4nner beim 0:10 in der Oberliga Berlin)<\/p>\n<p><strong>Einige Impressionen aus dieser Zeit:<\/strong><\/p>\n<p>&nbsp;<\/p>\n<div id=\"attachment_1430\" style=\"width: 221px\" class=\"wp-caption alignleft\"><a href=\"http:\/\/woiczik.de\/wp-content\/uploads\/2012\/12\/vor-dem-ersten-Spiel1.jpg\"><img loading=\"lazy\" decoding=\"async\" aria-describedby=\"caption-attachment-1430\" class=\"size-medium wp-image-1430\" title=\"vor meinen ersten Spiel (1978)\" src=\"http:\/\/woiczik.de\/wp-content\/uploads\/2012\/12\/vor-dem-ersten-Spiel1-211x300.jpg\" alt=\"\" width=\"211\" height=\"300\" srcset=\"http:\/\/woiczik.de\/wp-content\/uploads\/2012\/12\/vor-dem-ersten-Spiel1-211x300.jpg 211w, http:\/\/woiczik.de\/wp-content\/uploads\/2012\/12\/vor-dem-ersten-Spiel1-721x1024.jpg 721w\" sizes=\"(max-width: 211px) 100vw, 211px\" \/><\/a><p id=\"caption-attachment-1430\" class=\"wp-caption-text\">vor meinen ersten Spiel (1978)<\/p><\/div>\n<p>&nbsp;<\/p>\n<div id=\"attachment_756\" style=\"width: 310px\" class=\"wp-caption alignleft\"><a href=\"http:\/\/woiczik.de\/wp-content\/uploads\/2012\/12\/50-Jahre-BFC-S\u00fcdring-1985.jpg\"><img loading=\"lazy\" decoding=\"async\" aria-describedby=\"caption-attachment-756\" class=\"size-medium wp-image-756\" title=\"50 Jahre BFC S\u00fcdring 1985\" src=\"http:\/\/woiczik.de\/wp-content\/uploads\/2012\/12\/50-Jahre-BFC-S\u00fcdring-1985-300x194.jpg\" alt=\"\" width=\"300\" height=\"194\" srcset=\"http:\/\/woiczik.de\/wp-content\/uploads\/2012\/12\/50-Jahre-BFC-S\u00fcdring-1985-300x194.jpg 300w, http:\/\/woiczik.de\/wp-content\/uploads\/2012\/12\/50-Jahre-BFC-S\u00fcdring-1985-1024x665.jpg 1024w, http:\/\/woiczik.de\/wp-content\/uploads\/2012\/12\/50-Jahre-BFC-S\u00fcdring-1985-461x300.jpg 461w\" sizes=\"(max-width: 300px) 100vw, 300px\" \/><\/a><p id=\"caption-attachment-756\" class=\"wp-caption-text\">Spiel gegen Baronie Breda (Niederlande) im Jahr 1985<\/p><\/div>\n<p>&nbsp;<\/p>\n<p>&nbsp;<\/p>\n<p>&nbsp;<\/p>\n<p>&nbsp;<\/p>\n<p>&nbsp;<\/p>\n<p>&nbsp;<\/p>\n<div id=\"attachment_758\" style=\"width: 310px\" class=\"wp-caption alignleft\"><a href=\"http:\/\/woiczik.de\/wp-content\/uploads\/2012\/12\/IMG_0001.jpg\"><img loading=\"lazy\" decoding=\"async\" aria-describedby=\"caption-attachment-758\" class=\"size-medium wp-image-758\" title=\"IMG_0001\" src=\"http:\/\/woiczik.de\/wp-content\/uploads\/2012\/12\/IMG_0001-300x198.jpg\" alt=\"\" width=\"300\" height=\"198\" srcset=\"http:\/\/woiczik.de\/wp-content\/uploads\/2012\/12\/IMG_0001-300x198.jpg 300w, http:\/\/woiczik.de\/wp-content\/uploads\/2012\/12\/IMG_0001-1024x678.jpg 1024w, http:\/\/woiczik.de\/wp-content\/uploads\/2012\/12\/IMG_0001-452x300.jpg 452w\" sizes=\"(max-width: 300px) 100vw, 300px\" \/><\/a><p id=\"caption-attachment-758\" class=\"wp-caption-text\">ich bei einem Spiel im Berliner Olympiastadion\u00a0(Hintergrund: Michael Jakobs)<\/p><\/div>\n<p>&nbsp;<\/p>\n<p>&nbsp;<\/p>\n<p>&nbsp;<\/p>\n<p>&nbsp;<\/p>\n<p>&nbsp;<\/p>\n<p>&nbsp;<\/p>\n<p>&nbsp;<\/p>\n<p>&nbsp;<\/p>\n<p>&nbsp;<\/p>\n<p>&nbsp;<\/p>\n<div id=\"attachment_1432\" style=\"width: 310px\" class=\"wp-caption alignleft\"><a href=\"http:\/\/woiczik.de\/wp-content\/uploads\/2012\/12\/1980-Turniersieg-bei-Stern-19001.jpg\"><img loading=\"lazy\" decoding=\"async\" aria-describedby=\"caption-attachment-1432\" class=\"size-medium wp-image-1432\" title=\"1980 Turniersieg bei Stern 1900\" src=\"http:\/\/woiczik.de\/wp-content\/uploads\/2012\/12\/1980-Turniersieg-bei-Stern-19001-300x193.jpg\" alt=\"\" width=\"300\" height=\"193\" srcset=\"http:\/\/woiczik.de\/wp-content\/uploads\/2012\/12\/1980-Turniersieg-bei-Stern-19001-300x193.jpg 300w, http:\/\/woiczik.de\/wp-content\/uploads\/2012\/12\/1980-Turniersieg-bei-Stern-19001-1024x660.jpg 1024w, http:\/\/woiczik.de\/wp-content\/uploads\/2012\/12\/1980-Turniersieg-bei-Stern-19001-464x300.jpg 464w\" sizes=\"(max-width: 300px) 100vw, 300px\" \/><\/a><p id=\"caption-attachment-1432\" class=\"wp-caption-text\">1980 Turniersieg bei Stern 1900<\/p><\/div>\n<p>&nbsp;<\/p>\n<p>&nbsp;<\/p>\n<p>&nbsp;<\/p>\n<p>&nbsp;<\/p>\n<p>&nbsp;<\/p>\n<p>&nbsp;<\/p>\n<p>&nbsp;<\/p>\n<p>&nbsp;<\/p>\n<p>&nbsp;<\/p>\n<p>&nbsp;<\/p>\n<div id=\"attachment_765\" style=\"width: 310px\" class=\"wp-caption alignleft\"><a href=\"http:\/\/woiczik.de\/wp-content\/uploads\/2012\/12\/IMG0041.jpg\"><img loading=\"lazy\" decoding=\"async\" aria-describedby=\"caption-attachment-765\" class=\"size-medium wp-image-765\" title=\"IMG0041\" src=\"http:\/\/woiczik.de\/wp-content\/uploads\/2012\/12\/IMG0041-300x200.jpg\" alt=\"\" width=\"300\" height=\"200\" srcset=\"http:\/\/woiczik.de\/wp-content\/uploads\/2012\/12\/IMG0041-300x200.jpg 300w, http:\/\/woiczik.de\/wp-content\/uploads\/2012\/12\/IMG0041-1024x682.jpg 1024w, http:\/\/woiczik.de\/wp-content\/uploads\/2012\/12\/IMG0041-450x300.jpg 450w\" sizes=\"(max-width: 300px) 100vw, 300px\" \/><\/a><p id=\"caption-attachment-765\" class=\"wp-caption-text\">Aktion in einem Spiel gegen Hertha BSC<\/p><\/div>\n<p>&nbsp;<\/p>\n<p>&nbsp;<\/p>\n<p>&nbsp;<\/p>\n<p>&nbsp;<\/p>\n<p>&nbsp;<\/p>\n<div id=\"attachment_767\" style=\"width: 260px\" class=\"wp-caption alignleft\"><a href=\"http:\/\/woiczik.de\/wp-content\/uploads\/2012\/12\/IMG.jpg\"><img loading=\"lazy\" decoding=\"async\" aria-describedby=\"caption-attachment-767\" class=\"size-medium wp-image-767\" title=\"IMG\" src=\"http:\/\/woiczik.de\/wp-content\/uploads\/2012\/12\/IMG-250x300.jpg\" alt=\"\" width=\"250\" height=\"300\" srcset=\"http:\/\/woiczik.de\/wp-content\/uploads\/2012\/12\/IMG-250x300.jpg 250w, http:\/\/woiczik.de\/wp-content\/uploads\/2012\/12\/IMG-855x1024.jpg 855w\" sizes=\"(max-width: 250px) 100vw, 250px\" \/><\/a><p id=\"caption-attachment-767\" class=\"wp-caption-text\">Bild Zeitung von Februar 1996 (mit mir im Bild)<\/p><\/div>\n<p>&nbsp;<\/p>\n<p>&nbsp;<\/p>\n<p>&nbsp;<\/p>\n<p>&nbsp;<\/p>\n<p>&nbsp;<\/p>\n<p>&nbsp;<\/p>\n<p>&nbsp;<\/p>\n<p>&nbsp;<\/p>\n<div id=\"attachment_769\" style=\"width: 310px\" class=\"wp-caption alignleft\"><a href=\"http:\/\/woiczik.de\/wp-content\/uploads\/2012\/12\/IMG_0002.jpg\"><img loading=\"lazy\" decoding=\"async\" aria-describedby=\"caption-attachment-769\" class=\"size-medium wp-image-769\" title=\"IMG_0002\" src=\"http:\/\/woiczik.de\/wp-content\/uploads\/2012\/12\/IMG_0002-300x220.jpg\" alt=\"\" width=\"300\" height=\"220\" srcset=\"http:\/\/woiczik.de\/wp-content\/uploads\/2012\/12\/IMG_0002-300x220.jpg 300w, http:\/\/woiczik.de\/wp-content\/uploads\/2012\/12\/IMG_0002-1024x751.jpg 1024w, http:\/\/woiczik.de\/wp-content\/uploads\/2012\/12\/IMG_0002-408x300.jpg 408w\" sizes=\"(max-width: 300px) 100vw, 300px\" \/><\/a><p id=\"caption-attachment-769\" class=\"wp-caption-text\">Team &#8222;Tag der Offenen T\u00fcr&#8220; im Jahr 1996 (nicht im Bild Peter Hackbusch)<\/p><\/div>\n<p>&nbsp;<\/p>\n<p>&nbsp;<\/p>\n<p>&nbsp;<\/p>\n<p>&nbsp;<\/p>\n<p>&nbsp;<\/p>\n<p>&nbsp;<\/p>\n<p>&nbsp;<\/p>\n<p>&nbsp;<\/p>\n<p>&nbsp;<\/p>\n<p>&nbsp;<\/p>\n<div id=\"attachment_1434\" style=\"width: 184px\" class=\"wp-caption alignleft\"><a href=\"http:\/\/woiczik.de\/wp-content\/uploads\/2012\/12\/IMG3.jpg\"><img loading=\"lazy\" decoding=\"async\" aria-describedby=\"caption-attachment-1434\" class=\"size-medium wp-image-1434\" title=\"IMG\" src=\"http:\/\/woiczik.de\/wp-content\/uploads\/2012\/12\/IMG3-174x300.jpg\" alt=\"\" width=\"174\" height=\"300\" srcset=\"http:\/\/woiczik.de\/wp-content\/uploads\/2012\/12\/IMG3-174x300.jpg 174w, http:\/\/woiczik.de\/wp-content\/uploads\/2012\/12\/IMG3-594x1024.jpg 594w, http:\/\/woiczik.de\/wp-content\/uploads\/2012\/12\/IMG3.jpg 880w\" sizes=\"(max-width: 174px) 100vw, 174px\" \/><\/a><p id=\"caption-attachment-1434\" class=\"wp-caption-text\">Jugend trainiert f\u00fcr Olympia-Finale September 1982 (Fu\u00dfball)<\/p><\/div>\n<p>&nbsp;<\/p>\n<p>&nbsp;<\/p>\n<p>&nbsp;<\/p>\n<p>&nbsp;<\/p>\n<p>&nbsp;<\/p>\n<p>&nbsp;<\/p>\n<p>&nbsp;<\/p>\n<p>&nbsp;<\/p>\n<p>&nbsp;<\/p>\n<p>&nbsp;<\/p>\n<p><strong>Fan und Mitglied:<\/strong><\/p>\n<div id=\"attachment_4048\" style=\"width: 235px\" class=\"wp-caption alignnone\"><a href=\"http:\/\/woiczik.de\/wp-content\/uploads\/2020\/01\/IMG_20200125_114630567-2-e1580057543913.jpg\"><img loading=\"lazy\" decoding=\"async\" aria-describedby=\"caption-attachment-4048\" class=\"size-medium wp-image-4048\" src=\"http:\/\/woiczik.de\/wp-content\/uploads\/2020\/01\/IMG_20200125_114630567-2-e1580057543913-225x300.jpg\" alt=\"\" width=\"225\" height=\"300\" srcset=\"http:\/\/woiczik.de\/wp-content\/uploads\/2020\/01\/IMG_20200125_114630567-2-e1580057543913-225x300.jpg 225w, http:\/\/woiczik.de\/wp-content\/uploads\/2020\/01\/IMG_20200125_114630567-2-e1580057543913-768x1024.jpg 768w\" sizes=\"(max-width: 225px) 100vw, 225px\" \/><\/a><p id=\"caption-attachment-4048\" class=\"wp-caption-text\">mit dem HFC nach Wolfsburg<\/p><\/div>\n<p><strong>Stadion-\/Hallenbesuche seit 1975:<\/strong><\/p>\n<ul>\n<li>Hertha BSC \u00fcber 500 Spiele (Dauerkarten bzw. Arbeitskarten von 1990-2006) live im Stadion gesehen<\/li>\n<li>Tennis Borussia (1978-1985) \u00fcber 50 Spiele<\/li>\n<li>Blau Wei\u00df 90\u00a0 24 Spiele<\/li>\n<li>Wacker 04 und FC Union Berlin je 1 Spiel<\/li>\n<li>Eisb\u00e4ren Berlin 55 Spiele<\/li>\n<li>Berliner Schlittschuh Club 45 Spiele<\/li>\n<li>DTV Charlottenburg bis zur Gr\u00fcndung von Alba Berlin 25 Spiele<\/li>\n<li>Alba Berlin seit 1991 115 Spiele (Dauerkarte 1997-1999)<\/li>\n<li>Reinickendorfer F\u00fcchse (Handball) 15 Spiele<\/li>\n<li>BR Volleys 4\u00a0 Spiele<\/li>\n<\/ul>\n<p><strong>au\u00dferhalb von diesen Vereinen:<\/strong><\/p>\n<p>FC Bayern M\u00fcnchen (1986-1991) Spiele in M\u00fcnchen und N\u00fcrnberg 12 Spiele<\/p>\n<p><strong>Vor Ort live gewesen:<\/strong><\/p>\n<ul>\n<li>Olympische Spiele Moskau 1980<\/li>\n<li>Olympische Spiele Athen 2004<\/li>\n<li>Fu\u00dfball-Weltmeisterschaft 2006<\/li>\n<li>Leichtathletik WM 2009<\/li>\n<li>Leichtathletik EM 2018<\/li>\n<li>Basketball EM 1993 + 2022<\/li>\n<li>Volleyball-EM<\/li>\n<li>Tour de France 1987<\/li>\n<li>Letzigrund Sportfest in Z\u00fcrich (1991)<\/li>\n<li>FC Z\u00fcrich vs. FC Basel (1991)<\/li>\n<li>Fu\u00dfball Champions League:\u00a0Olympiakos Pir\u00e4us vs.\u00a0Manchester United und vs. FC Porto (2001)<\/li>\n<li>ISTAF (1980-2015,2017-2019)<\/li>\n<li>ISTAF Indoor (2014-2020)<\/li>\n<li>Final Four Basketball Pokal (2017)<\/li>\n<li>Spanien: FC Barcelona- Espanyol Barcelona (2006)<\/li>\n<\/ul>\n<p><strong>Fangemeinschaften:<\/strong><\/p>\n<p>Fan von Hertha BSC, Eisb\u00e4ren und Alba<\/p>\n<p><strong>Mitglied<\/strong>:<\/p>\n<p>Hertha BSC seit 1989-Gr\u00fcndungsmitglied der Hertha Freunde 1992 (1992-1998)- Hertha BSC Fanclub (seit 1993)- aktiv Polizei SV und TUS Neuk\u00f6lln<\/p>\n","protected":false},"excerpt":{"rendered":"<p>Views: 3399Fu\u00dfball-Karriere: Der BFC S\u00fcdring ist ein deutscher Fu\u00dfballclub aus Berlin. Heimst\u00e4tte des Clubs ist das Stadion an der Lobeckstra\u00dfe (3000 Zuschauerpl\u00e4tze). Von 1978 -1985 spielte ich von der D-Jugend bis zur A-Jugendzeit f\u00fcr diesen Traditionsverein, bevor ich\u00a0zur Saison 1985\/1986 &hellip; <a href=\"http:\/\/woiczik.de\/?page_id=719\">Weiterlesen <span class=\"meta-nav\">&rarr;<\/span><\/a><\/p>\n","protected":false},"author":1,"featured_media":0,"parent":0,"menu_order":0,"comment_status":"open","ping_status":"open","template":"","meta":{"footnotes":""},"class_list":["post-719","page","type-page","status-publish","hentry"],"_links":{"self":[{"href":"http:\/\/woiczik.de\/index.php?rest_route=\/wp\/v2\/pages\/719"}],"collection":[{"href":"http:\/\/woiczik.de\/index.php?rest_route=\/wp\/v2\/pages"}],"about":[{"href":"http:\/\/woiczik.de\/index.php?rest_route=\/wp\/v2\/types\/page"}],"author":[{"embeddable":true,"href":"http:\/\/woiczik.de\/index.php?rest_route=\/wp\/v2\/users\/1"}],"replies":[{"embeddable":true,"href":"http:\/\/woiczik.de\/index.php?rest_route=%2Fwp%2Fv2%2Fcomments&post=719"}],"version-history":[{"count":21,"href":"http:\/\/woiczik.de\/index.php?rest_route=\/wp\/v2\/pages\/719\/revisions"}],"predecessor-version":[{"id":6521,"href":"http:\/\/woiczik.de\/index.php?rest_route=\/wp\/v2\/pages\/719\/revisions\/6521"}],"wp:attachment":[{"href":"http:\/\/woiczik.de\/index.php?rest_route=%2Fwp%2Fv2%2Fmedia&parent=719"}],"curies":[{"name":"wp","href":"https:\/\/api.w.org\/{rel}","templated":true}]}}